{"id":519,"date":"2019-04-15T12:38:39","date_gmt":"2019-04-15T10:38:39","guid":{"rendered":"http:\/\/perdoeomeufrances.com\/?page_id=519"},"modified":"2019-04-15T12:40:11","modified_gmt":"2019-04-15T10:40:11","slug":"a-guria","status":"publish","type":"page","link":"https:\/\/www.perdoeomeufrances.com\/pt\/a-guria\/","title":{"rendered":"A Guria"},"content":{"rendered":"\n<h4 class=\"wp-block-heading\"><\/h4>\n\n\n\n<div class=\"wp-block-image\"><figure class=\"alignleft is-resized\"><img loading=\"lazy\" decoding=\"async\" src=\"http:\/\/perdoeomeufrances.com\/wp-content\/uploads\/2018\/03\/img_20180114_180928_918.jpg?w=164&amp;h=205\" alt=\"IMG_20180114_180928_918.jpg\" class=\"wp-image-27\" width=\"208\" height=\"260\" srcset=\"https:\/\/www.perdoeomeufrances.com\/wp-content\/uploads\/2018\/03\/img_20180114_180928_918.jpg 1440w, https:\/\/www.perdoeomeufrances.com\/wp-content\/uploads\/2018\/03\/img_20180114_180928_918-240x300.jpg 240w, https:\/\/www.perdoeomeufrances.com\/wp-content\/uploads\/2018\/03\/img_20180114_180928_918-768x960.jpg 768w, https:\/\/www.perdoeomeufrances.com\/wp-content\/uploads\/2018\/03\/img_20180114_180928_918-819x1024.jpg 819w\" sizes=\"auto, (max-width: 208px) 100vw, 208px\" \/><\/figure><\/div>\n\n\n\n<p>Internacionalista de forma\u00e7\u00e3o, futura produtora. Saiu da praia para o continente, atravessando o oceano e sem saber o que o futuro reservar\u00e1. Com a cabe\u00e7a na lua (ou num eterno musical), vive com a trilha sonora de A Bela e a Fera na cabe\u00e7a.<\/p>\n\n\n\n<p>M\u00fasica, filmes, hist\u00f3ria, comida e claro, vinho! Prazer, Giovanna Rua.<\/p>\n","protected":false},"excerpt":{"rendered":"<p>Internacionalista de forma\u00e7\u00e3o, futura produtora. Saiu da praia para o continente, atravessando o oceano e sem saber o que o&#8230;<\/p>\n","protected":false},"author":1,"featured_media":0,"parent":0,"menu_order":0,"comment_status":"closed","ping_status":"closed","template":"","meta":{"_exactmetrics_skip_tracking":false,"_exactmetrics_sitenote_active":false,"_exactmetrics_sitenote_note":"","_exactmetrics_sitenote_category":0,"footnotes":""},"class_list":["post-519","page","type-page","status-publish","hentry"],"jetpack_sharing_enabled":true,"_links":{"self":[{"href":"https:\/\/www.perdoeomeufrances.com\/pt\/wp-json\/wp\/v2\/pages\/519","targetHints":{"allow":["GET"]}}],"collection":[{"href":"https:\/\/www.perdoeomeufrances.com\/pt\/wp-json\/wp\/v2\/pages"}],"about":[{"href":"https:\/\/www.perdoeomeufrances.com\/pt\/wp-json\/wp\/v2\/types\/page"}],"author":[{"embeddable":true,"href":"https:\/\/www.perdoeomeufrances.com\/pt\/wp-json\/wp\/v2\/users\/1"}],"replies":[{"embeddable":true,"href":"https:\/\/www.perdoeomeufrances.com\/pt\/wp-json\/wp\/v2\/comments?post=519"}],"version-history":[{"count":3,"href":"https:\/\/www.perdoeomeufrances.com\/pt\/wp-json\/wp\/v2\/pages\/519\/revisions"}],"predecessor-version":[{"id":524,"href":"https:\/\/www.perdoeomeufrances.com\/pt\/wp-json\/wp\/v2\/pages\/519\/revisions\/524"}],"wp:attachment":[{"href":"https:\/\/www.perdoeomeufrances.com\/pt\/wp-json\/wp\/v2\/media?parent=519"}],"curies":[{"name":"wp","href":"https:\/\/api.w.org\/{rel}","templated":true}]}}