{"id":516,"date":"2019-04-15T12:37:59","date_gmt":"2019-04-15T10:37:59","guid":{"rendered":"http:\/\/perdoeomeufrances.com\/?page_id=516"},"modified":"2019-04-15T12:38:09","modified_gmt":"2019-04-15T10:38:09","slug":"o-blog","status":"publish","type":"page","link":"https:\/\/www.perdoeomeufrances.com\/pt\/o-blog\/","title":{"rendered":"O blog"},"content":{"rendered":"\n<h4 class=\"wp-block-heading\"><\/h4>\n\n\n\n<p>Viver fora \u00e9 sempre uma aventura, e cada pessoa vivencia essa experi\u00eancia de uma maneira diferente. Esse blog \u00e9 uma viagem at\u00e9 a terra do croissant atrav\u00e9s dos meus olhos. Espero conseguir emprest\u00e1-los, para que voc\u00ea veja as mesmas maravilhas que eu!<\/p>\n","protected":false},"excerpt":{"rendered":"<p>Viver fora \u00e9 sempre uma aventura, e cada pessoa vivencia essa experi\u00eancia de uma maneira diferente. Esse blog \u00e9 uma&#8230;<\/p>\n","protected":false},"author":1,"featured_media":0,"parent":0,"menu_order":0,"comment_status":"closed","ping_status":"closed","template":"","meta":{"_exactmetrics_skip_tracking":false,"_exactmetrics_sitenote_active":false,"_exactmetrics_sitenote_note":"","_exactmetrics_sitenote_category":0,"footnotes":""},"class_list":["post-516","page","type-page","status-publish","hentry"],"jetpack_sharing_enabled":true,"_links":{"self":[{"href":"https:\/\/www.perdoeomeufrances.com\/pt\/wp-json\/wp\/v2\/pages\/516","targetHints":{"allow":["GET"]}}],"collection":[{"href":"https:\/\/www.perdoeomeufrances.com\/pt\/wp-json\/wp\/v2\/pages"}],"about":[{"href":"https:\/\/www.perdoeomeufrances.com\/pt\/wp-json\/wp\/v2\/types\/page"}],"author":[{"embeddable":true,"href":"https:\/\/www.perdoeomeufrances.com\/pt\/wp-json\/wp\/v2\/users\/1"}],"replies":[{"embeddable":true,"href":"https:\/\/www.perdoeomeufrances.com\/pt\/wp-json\/wp\/v2\/comments?post=516"}],"version-history":[{"count":2,"href":"https:\/\/www.perdoeomeufrances.com\/pt\/wp-json\/wp\/v2\/pages\/516\/revisions"}],"predecessor-version":[{"id":518,"href":"https:\/\/www.perdoeomeufrances.com\/pt\/wp-json\/wp\/v2\/pages\/516\/revisions\/518"}],"wp:attachment":[{"href":"https:\/\/www.perdoeomeufrances.com\/pt\/wp-json\/wp\/v2\/media?parent=516"}],"curies":[{"name":"wp","href":"https:\/\/api.w.org\/{rel}","templated":true}]}}